{"id":11439,"date":"2024-04-11T19:09:18","date_gmt":"2024-04-11T19:09:18","guid":{"rendered":"https:\/\/visastogovzla.com\/?page_id=11439"},"modified":"2024-04-11T20:22:55","modified_gmt":"2024-04-11T20:22:55","slug":"visa-con-cita-de-emergencia","status":"publish","type":"page","link":"https:\/\/www.visastogovzla.com\/index.php\/servicios\/visa-con-cita-de-emergencia\/","title":{"rendered":"Visa con cita de emergencia"},"content":{"rendered":"<p>[et_pb_section fb_built=\u00bb1&#8243; fullwidth=\u00bbon\u00bb _builder_version=\u00bb4.22.1&#8243; _module_preset=\u00bbdefault\u00bb global_colors_info=\u00bb{}\u00bb theme_builder_area=\u00bbpost_content\u00bb][et_pb_fullwidth_header title=\u00bbVisa con cita de emergencia\u00bb image_orientation=\u00bbbottom\u00bb module_class=\u00bbpage-title\u00bb _builder_version=\u00bb4.22.1&#8243; _module_preset=\u00bbdefault\u00bb title_font=\u00bbPoppins|600|||||||\u00bb title_text_align=\u00bbleft\u00bb background_image=\u00bbhttp:\/\/visastogovzla.com\/wp-content\/uploads\/2024\/04\/page-title.jpg\u00bb min_height=\u00bb250px\u00bb global_colors_info=\u00bb{}\u00bb theme_builder_area=\u00bbpost_content\u00bb][\/et_pb_fullwidth_header][\/et_pb_section][et_pb_section fb_built=\u00bb1&#8243; specialty=\u00bbon\u00bb _builder_version=\u00bb4.22.1&#8243; _module_preset=\u00bbdefault\u00bb global_colors_info=\u00bb{}\u00bb theme_builder_area=\u00bbpost_content\u00bb][et_pb_column type=\u00bb1_2&#8243; _builder_version=\u00bb4.16&#8243; custom_padding=\u00bb|||\u00bb global_colors_info=\u00bb{}\u00bb custom_padding__hover=\u00bb|||\u00bb theme_builder_area=\u00bbpost_content\u00bb][et_pb_accordion toggle_icon=\u00bb&#x24;||divi||400&#8243; icon_color=\u00bb#000000&#8243; _builder_version=\u00bb4.22.1&#8243; _module_preset=\u00bbdefault\u00bb toggle_font=\u00bbPoppins||||||||\u00bb custom_margin=\u00bb||||false|false\u00bb hover_enabled=\u00bb0&#8243; global_colors_info=\u00bb{}\u00bb theme_builder_area=\u00bbpost_content\u00bb sticky_enabled=\u00bb0&#8243;][et_pb_accordion_item title=\u00bbVisa con cita de emergencia\u00bb _builder_version=\u00bb4.22.1&#8243; _dynamic_attributes=\u00bblink_option_url\u00bb _module_preset=\u00bbdefault\u00bb link_option_url=\u00bb@ET-DC@eyJkeW5hbWljIjp0cnVlLCJjb250ZW50IjoicG9zdF9saW5rX3VybF9wYWdlIiwic2V0dGluZ3MiOnsicG9zdF9pZCI6IjExNDM5In19@\u00bb global_colors_info=\u00bb{}\u00bb theme_builder_area=\u00bbpost_content\u00bb open=\u00bboff\u00bb][\/et_pb_accordion_item][et_pb_accordion_item title=\u00bbRenovaciones\u00bb _builder_version=\u00bb4.22.1&#8243; _dynamic_attributes=\u00bblink_option_url\u00bb _module_preset=\u00bbdefault\u00bb link_option_url=\u00bb@ET-DC@eyJkeW5hbWljIjp0cnVlLCJjb250ZW50IjoicG9zdF9saW5rX3VybF9wYWdlIiwic2V0dGluZ3MiOnsicG9zdF9pZCI6IjExNDM3In19@\u00bb global_colors_info=\u00bb{}\u00bb theme_builder_area=\u00bbpost_content\u00bb open=\u00bbon\u00bb][\/et_pb_accordion_item][et_pb_accordion_item title=\u00bbVisa de turismo\u00bb open=\u00bboff\u00bb _builder_version=\u00bb4.22.1&#8243; _dynamic_attributes=\u00bblink_option_url\u00bb _module_preset=\u00bbdefault\u00bb link_option_url=\u00bb@ET-DC@eyJkeW5hbWljIjp0cnVlLCJjb250ZW50IjoicG9zdF9saW5rX3VybF9wYWdlIiwic2V0dGluZ3MiOnsicG9zdF9pZCI6IjExNDI1In19@\u00bb global_colors_info=\u00bb{}\u00bb theme_builder_area=\u00bbpost_content\u00bb][\/et_pb_accordion_item][et_pb_accordion_item title=\u00bbVisa de familia\u00bb _builder_version=\u00bb4.22.1&#8243; _dynamic_attributes=\u00bblink_option_url\u00bb _module_preset=\u00bbdefault\u00bb link_option_url=\u00bb@ET-DC@eyJkeW5hbWljIjp0cnVlLCJjb250ZW50IjoicG9zdF9saW5rX3VybF9wYWdlIiwic2V0dGluZ3MiOnsicG9zdF9pZCI6IjExNDE3In19@\u00bb global_colors_info=\u00bb{}\u00bb theme_builder_area=\u00bbpost_content\u00bb open=\u00bboff\u00bb][\/et_pb_accordion_item][\/et_pb_accordion][\/et_pb_column][et_pb_column type=\u00bb1_2&#8243; specialty_columns=\u00bb2&#8243; _builder_version=\u00bb4.16&#8243; custom_padding=\u00bb|||\u00bb global_colors_info=\u00bb{}\u00bb custom_padding__hover=\u00bb|||\u00bb theme_builder_area=\u00bbpost_content\u00bb][et_pb_row_inner _builder_version=\u00bb4.22.1&#8243; _module_preset=\u00bbdefault\u00bb custom_margin=\u00bb||0px||false|false\u00bb custom_padding=\u00bb||0px||false|false\u00bb global_colors_info=\u00bb{}\u00bb theme_builder_area=\u00bbpost_content\u00bb][et_pb_column_inner saved_specialty_column_type=\u00bb1_2&#8243; _builder_version=\u00bb4.22.1&#8243; _module_preset=\u00bbdefault\u00bb global_colors_info=\u00bb{}\u00bb theme_builder_area=\u00bbpost_content\u00bb][et_pb_text _builder_version=\u00bb4.22.1&#8243; _module_preset=\u00bbdefault\u00bb text_font=\u00bbPoppins||||||||\u00bb text_text_color=\u00bb#E06100&#8243; custom_margin=\u00bb||10px||false|false\u00bb text_text_shadow_style=\u00bbpreset1&#8243; text_text_shadow_blur_strength=\u00bb0.09em\u00bb global_colors_info=\u00bb{}\u00bb theme_builder_area=\u00bbpost_content\u00bb]<\/p>\n<p><span>VISA TO GO<\/span><\/p>\n<p>[\/et_pb_text][et_pb_image src=\u00bbhttp:\/\/visastogovzla.com\/wp-content\/uploads\/2024\/04\/service-17.jpg\u00bb title_text=\u00bbservice-17&#8243; _builder_version=\u00bb4.22.1&#8243; _module_preset=\u00bbdefault\u00bb hover_enabled=\u00bb0&#8243; global_colors_info=\u00bb{}\u00bb theme_builder_area=\u00bbpost_content\u00bb sticky_enabled=\u00bb0&#8243;][\/et_pb_image][et_pb_text _builder_version=\u00bb4.22.1&#8243; _module_preset=\u00bbdefault\u00bb text_font=\u00bbPoppins||||||||\u00bb header_font=\u00bbPoppins|500|||||||\u00bb header_font_size=\u00bb35px\u00bb header_2_font=\u00bbPoppins|500|||||||\u00bb header_2_text_align=\u00bbleft\u00bb header_2_font_size=\u00bb19px\u00bb header_2_line_height=\u00bb1.7em\u00bb header_3_font=\u00bbPoppins|700|||||||\u00bb header_3_font_size=\u00bb23px\u00bb header_3_line_height=\u00bb1.4em\u00bb text_orientation=\u00bbjustified\u00bb custom_margin=\u00bb||15px||false|false\u00bb hover_enabled=\u00bb0&#8243; global_colors_info=\u00bb{}\u00bb theme_builder_area=\u00bbpost_content\u00bb sticky_enabled=\u00bb0&#8243;]<\/p>\n<h1>Visa con cita de emergencia<\/h1>\n<h2>Te ayudamos a solicitar una visa urgente con cita de emergencia.<\/h2>\n<p>Si cumples con algunos de los siguientes requisitos, te podemos ayudar a solicitar una autorizaci\u00f3n urgente.<\/p>\n<h3>Requisitos:<\/h3>\n<p>-Asistencia m\u00e9dica urgentemente en los Estados Unidos.<br \/>\n-Acompa\u00f1amiento a un familiar directo que requiere tratamiento m\u00e9dico urgente.<br \/>\n-Un familiar directo en los EE.UU requiere urgentemente su presencia por una condici\u00f3n m\u00e9dica seria.<br \/>\n-Asistencia al funeral de un miembro de familia directo.<br \/>\n-Presentaci\u00f3n en una corte de los Estados Unidos.<\/p>\n<h3>Recuerda que la decisi\u00f3n sobre la aprobaci\u00f3n depende del Gobierno de los Estados Unidos.<\/h3>\n<p>[\/et_pb_text][\/et_pb_column_inner][\/et_pb_row_inner][\/et_pb_column][\/et_pb_section][et_pb_section fb_built=\u00bb1&#8243; _builder_version=\u00bb4.22.1&#8243; _module_preset=\u00bbdefault\u00bb global_colors_info=\u00bb{}\u00bb theme_builder_area=\u00bbpost_content\u00bb][et_pb_row column_structure=\u00bb3_4,1_4&#8243; _builder_version=\u00bb4.22.1&#8243; _module_preset=\u00bbdefault\u00bb background_color=\u00bb#e06100&#8243; background_image=\u00bbhttp:\/\/visastogovzla.com\/wp-content\/uploads\/2024\/03\/shape-4.png\u00bb background_size=\u00bbinitial\u00bb background_position=\u00bbtop_left\u00bb custom_margin=\u00bb1px|auto|77px|auto|false|false\u00bb custom_padding=\u00bb0px||126px||false|false\u00bb border_radii=\u00bbon|25px|25px|25px|25px\u00bb global_colors_info=\u00bb{}\u00bb theme_builder_area=\u00bbpost_content\u00bb][et_pb_column type=\u00bb3_4&#8243; _builder_version=\u00bb4.22.1&#8243; _module_preset=\u00bbdefault\u00bb global_colors_info=\u00bb{}\u00bb theme_builder_area=\u00bbpost_content\u00bb][et_pb_text _builder_version=\u00bb4.22.1&#8243; _module_preset=\u00bbdefault\u00bb text_font=\u00bbPoppins||||||||\u00bb header_text_color=\u00bb#FFFFFF\u00bb header_3_font=\u00bb|700|||||||\u00bb header_3_text_color=\u00bb#FFFFFF\u00bb header_3_font_size=\u00bb30px\u00bb header_3_line_height=\u00bb1.1em\u00bb custom_margin=\u00bb57px|||||\u00bb custom_padding=\u00bb|||70px||\u00bb header_3_text_shadow_style=\u00bbpreset1&#8243; global_colors_info=\u00bb{}\u00bb theme_builder_area=\u00bbpost_content\u00bb]<\/p>\n<h3>\u00bfNecesitas ayuda<\/h3>\n<h3>con tu visa para Estados Unidos?<\/h3>\n<p>[\/et_pb_text][et_pb_button button_text=\u00bbAgenda tu cita\u00bb _builder_version=\u00bb4.22.1&#8243; _module_preset=\u00bbdefault\u00bb custom_button=\u00bbon\u00bb button_text_color=\u00bb#FFFFFF\u00bb custom_margin=\u00bb|||615px||\u00bb global_colors_info=\u00bb{}\u00bb theme_builder_area=\u00bbpost_content\u00bb][\/et_pb_button][\/et_pb_column][et_pb_column type=\u00bb1_4&#8243; _builder_version=\u00bb4.22.1&#8243; _module_preset=\u00bbdefault\u00bb background_image=\u00bbhttp:\/\/visastogovzla.com\/wp-content\/uploads\/2024\/02\/61fae9bba40f7fe5c6d477a359864cb9-scaled.jpg\u00bb custom_padding=\u00bb0px|0px|0px|0px|false|false\u00bb global_colors_info=\u00bb{}\u00bb theme_builder_area=\u00bbpost_content\u00bb][et_pb_image src=\u00bbhttp:\/\/visastogovzla.com\/wp-content\/uploads\/2024\/03\/cta-1.jpg\u00bb title_text=\u00bbcta-1&#8243; show_bottom_space=\u00bboff\u00bb force_fullwidth=\u00bbon\u00bb _builder_version=\u00bb4.22.1&#8243; _module_preset=\u00bbdefault\u00bb background_image=\u00bbhttp:\/\/visastogovzla.com\/wp-content\/uploads\/2024\/03\/cta-1.jpg\u00bb custom_margin=\u00bb0px|0px|0px|0px|false|false\u00bb custom_padding=\u00bb0px|0px|0px|0px|false|false\u00bb global_colors_info=\u00bb{}\u00bb theme_builder_area=\u00bbpost_content\u00bb][\/et_pb_image][\/et_pb_column][\/et_pb_row][\/et_pb_section][et_pb_section fb_built=\u00bb1&#8243; admin_label=\u00bbFooter\u00bb _builder_version=\u00bb4.22.1&#8243; background_color=\u00bb#e06100&#8243; custom_padding=\u00bb120px||120px||false|false\u00bb top_divider_height=\u00bb660px\u00bb top_divider_flip=\u00bbhorizontal\u00bb bottom_divider_style=\u00bbclouds2&#8243; bottom_divider_color=\u00bbrgba(255,255,255,0.08)\u00bb bottom_divider_height=\u00bb600px\u00bb bottom_divider_flip=\u00bbvertical\u00bb global_colors_info=\u00bb{}\u00bb theme_builder_area=\u00bbpost_content\u00bb][et_pb_row _builder_version=\u00bb4.16&#8243; global_colors_info=\u00bb{}\u00bb theme_builder_area=\u00bbpost_content\u00bb][et_pb_column type=\u00bb4_4&#8243; _builder_version=\u00bb4.16&#8243; custom_padding=\u00bb|||\u00bb global_colors_info=\u00bb{}\u00bb custom_padding__hover=\u00bb|||\u00bb theme_builder_area=\u00bbpost_content\u00bb][et_pb_text _builder_version=\u00bb4.22.1&#8243; text_font=\u00bbMontserrat||||||||\u00bb header_font=\u00bb||||||||\u00bb header_2_font=\u00bbMontserrat|300|||||||\u00bb header_2_text_align=\u00bbcenter\u00bb header_2_font_size=\u00bb50px\u00bb header_2_line_height=\u00bb1.4em\u00bb text_orientation=\u00bbcenter\u00bb background_layout=\u00bbdark\u00bb header_2_font_size_tablet=\u00bb\u00bb header_2_font_size_phone=\u00bb30px\u00bb header_2_font_size_last_edited=\u00bbon|phone\u00bb header_2_line_height_tablet=\u00bb1.4em\u00bb header_2_line_height_phone=\u00bb\u00bb header_2_line_height_last_edited=\u00bbon|desktop\u00bb global_colors_info=\u00bb{}\u00bb theme_builder_area=\u00bbpost_content\u00bb]<\/p>\n<h2>Hacemos mas faciles tus viajes<\/h2>\n<p>[\/et_pb_text][et_pb_text _builder_version=\u00bb4.22.1&#8243; text_font=\u00bbMontserrat|||on|||||\u00bb text_text_color=\u00bbrgba(255,255,255,0.7)\u00bb text_font_size=\u00bb16px\u00bb text_orientation=\u00bbcenter\u00bb background_layout=\u00bbdark\u00bb custom_padding=\u00bb10px|||\u00bb global_colors_info=\u00bb{}\u00bb theme_builder_area=\u00bbpost_content\u00bb]<\/p>\n<p>Servicio disponible 24\/7.<\/p>\n<p>[\/et_pb_text][\/et_pb_column][\/et_pb_row][et_pb_row column_structure=\u00bb1_3,1_3,1_3&#8243; admin_label=\u00bbContent Area\u00bb _builder_version=\u00bb4.16&#8243; global_colors_info=\u00bb{}\u00bb theme_builder_area=\u00bbpost_content\u00bb][et_pb_column type=\u00bb1_3&#8243; _builder_version=\u00bb4.16&#8243; custom_padding=\u00bb|||\u00bb global_colors_info=\u00bb{}\u00bb custom_padding__hover=\u00bb|||\u00bb theme_builder_area=\u00bbpost_content\u00bb][et_pb_blurb title=\u00bb(XXX) XXX-XXXX\u00bb use_icon=\u00bbon\u00bb font_icon=\u00bb&#xe090;||divi||400&#8243; icon_color=\u00bb#2f8cff\u00bb image_icon_background_color=\u00bb#ffffff\u00bb icon_placement=\u00bbleft\u00bb image_icon_width=\u00bb16px\u00bb _builder_version=\u00bb4.22.1&#8243; header_font=\u00bbMontserrat||||||||\u00bb header_text_color=\u00bb#ffffff\u00bb header_font_size=\u00bb20px\u00bb header_line_height=\u00bb1.7em\u00bb image_icon_custom_padding=\u00bb8px|8px|8px|8px|false|false\u00bb border_radii_image=\u00bbon|100%|100%|100%|100%\u00bb icon_font_size=\u00bb16px\u00bb use_circle=\u00bbon\u00bb circle_color=\u00bb#ffffff\u00bb global_colors_info=\u00bb{}\u00bb image_icon_background_color__sticky_enabled=\u00bb#7EBEC5&#8243; image_icon_background_color__sticky=\u00bb#7EBEC5&#8243; theme_builder_area=\u00bbpost_content\u00bb][\/et_pb_blurb][\/et_pb_column][et_pb_column type=\u00bb1_3&#8243; _builder_version=\u00bb4.16&#8243; custom_padding=\u00bb|||\u00bb global_colors_info=\u00bb{}\u00bb custom_padding__hover=\u00bb|||\u00bb theme_builder_area=\u00bbpost_content\u00bb][et_pb_blurb title=\u00bbinfo@visastogovzla.com\u00bb use_icon=\u00bbon\u00bb font_icon=\u00bb&#xe076;||divi||400&#8243; icon_color=\u00bb#2f8cff\u00bb image_icon_background_color=\u00bb#ffffff\u00bb icon_placement=\u00bbleft\u00bb image_icon_width=\u00bb16px\u00bb _builder_version=\u00bb4.22.1&#8243; header_font=\u00bbMontserrat||||||||\u00bb header_text_color=\u00bb#ffffff\u00bb header_font_size=\u00bb20px\u00bb header_line_height=\u00bb1.7em\u00bb image_icon_custom_padding=\u00bb8px|8px|8px|8px|false|false\u00bb border_radii_image=\u00bbon|100%|100%|100%|100%\u00bb icon_font_size=\u00bb16px\u00bb use_circle=\u00bbon\u00bb circle_color=\u00bb#ffffff\u00bb locked=\u00bboff\u00bb global_colors_info=\u00bb{}\u00bb image_icon_background_color__sticky_enabled=\u00bb#7EBEC5&#8243; image_icon_background_color__sticky=\u00bb#7EBEC5&#8243; theme_builder_area=\u00bbpost_content\u00bb][\/et_pb_blurb][\/et_pb_column][et_pb_column type=\u00bb1_3&#8243; _builder_version=\u00bb4.16&#8243; custom_padding=\u00bb|||\u00bb global_colors_info=\u00bb{}\u00bb custom_padding__hover=\u00bb|||\u00bb theme_builder_area=\u00bbpost_content\u00bb][et_pb_blurb title=\u00bbDirecci\u00f3n\u00bb use_icon=\u00bbon\u00bb font_icon=\u00bb&#xe081;||divi||400&#8243; icon_color=\u00bb#2f8cff\u00bb image_icon_background_color=\u00bb#ffffff\u00bb icon_placement=\u00bbleft\u00bb image_icon_width=\u00bb16px\u00bb _builder_version=\u00bb4.22.1&#8243; header_font=\u00bbMontserrat||||||||\u00bb header_text_color=\u00bb#ffffff\u00bb header_font_size=\u00bb20px\u00bb header_line_height=\u00bb1.7em\u00bb image_icon_custom_padding=\u00bb8px|8px|8px|8px|false|false\u00bb border_radii_image=\u00bbon|100%|100%|100%|100%\u00bb icon_font_size=\u00bb16px\u00bb use_circle=\u00bbon\u00bb circle_color=\u00bb#ffffff\u00bb locked=\u00bboff\u00bb global_colors_info=\u00bb{}\u00bb image_icon_background_color__sticky_enabled=\u00bb#7EBEC5&#8243; image_icon_background_color__sticky=\u00bb#7EBEC5&#8243; theme_builder_area=\u00bbpost_content\u00bb][\/et_pb_blurb][\/et_pb_column][\/et_pb_row][\/et_pb_section]<\/p>\n","protected":false},"excerpt":{"rendered":"<p>VISA TO GOVisa con cita de emergencia Te ayudamos a solicitar una visa urgente con cita de emergencia. Si cumples con algunos de los siguientes requisitos, te podemos ayudar a solicitar una autorizaci\u00f3n urgente. Requisitos: -Asistencia m\u00e9dica urgentemente en los Estados Unidos. -Acompa\u00f1amiento a un familiar directo que requiere tratamiento m\u00e9dico urgente. -Un familiar directo [&hellip;]<\/p>\n","protected":false},"author":1,"featured_media":0,"parent":11405,"menu_order":0,"comment_status":"closed","ping_status":"closed","template":"","meta":{"_et_pb_use_builder":"on","_et_pb_old_content":"<!-- wp:divi\/placeholder \/-->","_et_gb_content_width":"","footnotes":""},"class_list":["post-11439","page","type-page","status-publish","hentry"],"_links":{"self":[{"href":"https:\/\/www.visastogovzla.com\/index.php\/wp-json\/wp\/v2\/pages\/11439","targetHints":{"allow":["GET"]}}],"collection":[{"href":"https:\/\/www.visastogovzla.com\/index.php\/wp-json\/wp\/v2\/pages"}],"about":[{"href":"https:\/\/www.visastogovzla.com\/index.php\/wp-json\/wp\/v2\/types\/page"}],"author":[{"embeddable":true,"href":"https:\/\/www.visastogovzla.com\/index.php\/wp-json\/wp\/v2\/users\/1"}],"replies":[{"embeddable":true,"href":"https:\/\/www.visastogovzla.com\/index.php\/wp-json\/wp\/v2\/comments?post=11439"}],"version-history":[{"count":3,"href":"https:\/\/www.visastogovzla.com\/index.php\/wp-json\/wp\/v2\/pages\/11439\/revisions"}],"predecessor-version":[{"id":11474,"href":"https:\/\/www.visastogovzla.com\/index.php\/wp-json\/wp\/v2\/pages\/11439\/revisions\/11474"}],"up":[{"embeddable":true,"href":"https:\/\/www.visastogovzla.com\/index.php\/wp-json\/wp\/v2\/pages\/11405"}],"wp:attachment":[{"href":"https:\/\/www.visastogovzla.com\/index.php\/wp-json\/wp\/v2\/media?parent=11439"}],"curies":[{"name":"wp","href":"https:\/\/api.w.org\/{rel}","templated":true}]}}